{"id":3220,"date":"2023-08-04T04:23:59","date_gmt":"2023-08-04T02:23:59","guid":{"rendered":"https:\/\/spainmadeeasy-25mc8ok8u3.live-website.com\/privacy-policy\/"},"modified":"2023-10-10T22:55:11","modified_gmt":"2023-10-10T20:55:11","slug":"politica-de-privacidad","status":"publish","type":"page","link":"https:\/\/spainmadeeasy.net\/es\/politica-de-privacidad\/","title":{"rendered":"Pol\u00edtica de Privacidad"},"content":{"rendered":"<div class=\"fusion-fullwidth fullwidth-box fusion-builder-row-1 fusion-flex-container nonhundred-percent-fullwidth non-hundred-percent-height-scrolling\" style=\"--awb-border-radius-top-left:0px;--awb-border-radius-top-right:0px;--awb-border-radius-bottom-right:0px;--awb-border-radius-bottom-left:0px;--awb-flex-wrap:wrap;\" ><div class=\"fusion-builder-row fusion-row fusion-flex-align-items-flex-start fusion-flex-content-wrap\" style=\"max-width:1393.6px;margin-left: calc(-4% \/ 2 );margin-right: calc(-4% \/ 2 );\"><div class=\"fusion-layout-column fusion_builder_column fusion-builder-column-0 fusion_builder_column_1_1 1_1 fusion-flex-column\" style=\"--awb-bg-size:cover;--awb-width-large:100%;--awb-margin-top-large:0px;--awb-spacing-right-large:1.92%;--awb-margin-bottom-large:20px;--awb-spacing-left-large:1.92%;--awb-width-medium:100%;--awb-order-medium:0;--awb-spacing-right-medium:1.92%;--awb-spacing-left-medium:1.92%;--awb-width-small:100%;--awb-order-small:0;--awb-spacing-right-small:1.92%;--awb-spacing-left-small:1.92%;\"><div class=\"fusion-column-wrapper fusion-column-has-shadow fusion-flex-justify-content-flex-start fusion-content-layout-column\"><div class=\"fusion-separator fusion-full-width-sep\" style=\"align-self: center;margin-left: auto;margin-right: auto;margin-top:60px;width:100%;\"><\/div><\/div><\/div><div class=\"fusion-layout-column fusion_builder_column fusion-builder-column-1 fusion_builder_column_1_1 1_1 fusion-flex-column\" style=\"--awb-bg-size:cover;--awb-width-large:100%;--awb-margin-top-large:0px;--awb-spacing-right-large:1.92%;--awb-margin-bottom-large:20px;--awb-spacing-left-large:1.92%;--awb-width-medium:100%;--awb-order-medium:0;--awb-spacing-right-medium:1.92%;--awb-spacing-left-medium:1.92%;--awb-width-small:100%;--awb-order-small:0;--awb-spacing-right-small:1.92%;--awb-spacing-left-small:1.92%;\"><div class=\"fusion-column-wrapper fusion-column-has-shadow fusion-flex-justify-content-flex-start fusion-content-layout-column\"><div class=\"fusion-text fusion-text-1\"><table>\n<tbody>\n<tr>\n<td width=\"30%\">RESPONSABLE<br \/>\nDEL<br \/>\nTRATAMIENTO<\/td>\n<td width=\"70%\">Raz\u00f3n social: <strong>Michael Douglas Maxson<\/strong><br \/>\nen adelante: <strong>Responsable del Tratamiento<\/strong><br \/>\nNIE:<strong> X-0648889-J<\/strong><br \/>\nMail: <a href=\"mailto:enquiries@spainmadeeasy.net\">enquiries@spainmadeeasy.net<\/a><\/td>\n<\/tr>\n<tr>\n<td width=\"30%\">FINALIDAD<\/td>\n<td width=\"70%\">\n<p style=\"text-align: justify;\">El RESPONSABLE informa a los usuarios del sitio web sobre su pol\u00edtica respecto del tratamiento y protecci\u00f3n de los datos de car\u00e1cter personal de los usuarios y clientes que puedan ser recabados por la navegaci\u00f3n o contrataci\u00f3n de servicios a trav\u00e9s de su sitio web. En este sentido, el RESPONSABLE\u00a0 garantiza el cumplimiento de la normativa vigente en materia de protecci\u00f3n de datos personales, reflejada en el RGPD 2016\/679 y la LOPD GDD 03\/2018. El uso de esta web implica la aceptaci\u00f3n de esta pol\u00edtica de privacidad.<\/p>\n<p style=\"text-align: justify;\">El RESPONSABLE tiene el deber de informar a los usuarios de su sitio web acerca de la recogida de datos de car\u00e1cter personal que pueden llevarse a cabo y del tratamiento que de los mismos vaya a realizarse.<\/p>\n<p style=\"text-align: justify;\">Mediante el env\u00edo de correo electr\u00f3nico o recogida de datos a trav\u00e9s de formularios con finalidades de registro, suscripci\u00f3n, blog, as\u00ed como a nivel estrictamente informativo.<\/p>\n<p style=\"text-align: justify;\">En este sentido, el RESPONSABLE de la Web ser\u00e1 considerado como responsable del tratamiento de los datos recabados mediante los medios anteriormente descritos. A su vez, el RESPONSABLE \u00a0informa a los usuarios de que la finalidad del tratamiento de los datos recabados contempla:<\/p>\n<p style=\"text-align: justify;\">La atenci\u00f3n de solicitudes realizadas por los usuarios,<\/p>\n<p style=\"text-align: justify;\">La inclusi\u00f3n en la agenda de contactos,<\/p>\n<p style=\"text-align: justify;\">La prestaci\u00f3n de servicios y gesti\u00f3n de la relaci\u00f3n comercial.<\/p>\n<p style=\"text-align: justify;\">Las operaciones, gestiones y procedimientos t\u00e9cnicos que se realicen de forma automatizada o no automatizada y que posibiliten la recogida, el almacenamiento, la modificaci\u00f3n, la transferencia y otras acciones sobre datos de car\u00e1cter personal, tienen la consideraci\u00f3n de tratamiento de datos personales.<\/p>\n<p style=\"text-align: justify;\">Todos los datos personales, que sean recogidos a trav\u00e9s del sitio web de el RESPONSABLE \u00a0y por tanto tenga la consideraci\u00f3n de tratamiento de datos de car\u00e1cter personal, ser\u00e1n incorporados al Registro de Tratamientos titularidad de\u00a0 el RESPONSABLE.<\/p>\n<\/td>\n<\/tr>\n<tr>\n<td width=\"30%\">LEGITIMACI\u00d3N<\/td>\n<td width=\"70%\">\n<p style=\"text-align: justify;\">Se solicita el consentimiento del interesado para el tratamiento de sus datos y la oferta prospectiva de productos y servicios.<\/p>\n<\/td>\n<\/tr>\n<tr>\n<td width=\"30%\">DESTINATARIOS<\/td>\n<td width=\"70%\">\n<p style=\"text-align: justify;\">Los datos personales no se ceder\u00e1n a terceros sin el consentimiento del interesado salvo obligaci\u00f3n legal.<\/p>\n<\/td>\n<\/tr>\n<tr>\n<td width=\"30%\">DERECHOS<\/td>\n<td width=\"70%\">\n<p style=\"text-align: justify;\">Conforme al RGPD UE 2016\/679 y LOPD GDD 3\/2018<\/p>\n<p style=\"text-align: justify;\">Las personas interesadas pueden ejercer ante el RESPONSABLE los siguientes derechos:<\/p>\n<p style=\"text-align: justify;\">Derecho de <strong>Acceso<\/strong>: permite al interesado conocer y obtener informaci\u00f3n sobre sus datos de car\u00e1cter personal sometidos a tratamiento<\/p>\n<p style=\"text-align: justify;\">Derecho de <strong>Rectificaci\u00f3n<\/strong>: permite corregir errores, modificar los datos que resulten ser inexactos o incompletos y garantizar la certeza de la informaci\u00f3n objeto del tratamiento<\/p>\n<p style=\"text-align: justify;\">Derecho de <strong>Supresi\u00f3n<\/strong>: permite solicitar la eliminaci\u00f3n de los datos objeto de tratamiento cuando ya no sean necesarios.<\/p>\n<p style=\"text-align: justify;\">Derecho de <strong>Oposici\u00f3n<\/strong>: derecho del interesado a que no se lleve a cabo el tratamiento de sus datos de car\u00e1cter personal o se cese en el mismo, salvo motivos leg\u00edtimos o para el ejercicio o defensa de posibles reclamaciones, en cuyo caso los mantendremos bloqueados durante el plazo correspondiente mientras persistan las obligaciones legales.<\/p>\n<p style=\"text-align: justify;\">Derecho de <strong>Limitaci\u00f3n<\/strong>: en determinadas circunstancias, los interesados podr\u00e1n solicitar la limitaci\u00f3n del tratamiento de sus datos, en cuyo caso \u00fanicamente se conservar\u00e1n para el ejercicio y defensa de reclamaciones.<\/p>\n<p style=\"text-align: justify;\">Derecho de <strong>Portabilidad<\/strong> de los datos: las personas interesadas pueden solicitar recibir los datos que le incumban y que haya facilitado al Responsable o que , siempre que t\u00e9cnicamente sea posible, se los enviemos a otro Responsable de tratamiento de su elecci\u00f3n en un formato estructurado de uso com\u00fan y lectura mec\u00e1nica.<\/p>\n<p style=\"text-align: justify;\">Derecho a <strong>Revocar<\/strong> el consentimiento prestado inicialmente y a <strong>Reclamar<\/strong> ante la Autoridad de Control. <a href=\"http:\/\/www.aepd.es\/\" target=\"_blank\" rel=\"noopener\">www.aepd.es<\/a><\/p>\n<p style=\"text-align: justify;\">Para ejercer sus derechos deber\u00e1 ponerse en contacto con el Responsable en la direcci\u00f3n que aparece en el primer recuadro, acompa\u00f1ado de copia documento de identidad del interesado.<\/p>\n<p style=\"text-align: justify;\">Mail: <a href=\"mailto:enquiries@spainmadeeasy.net\">enquiries@spainmadeeasy.net<\/a><\/p>\n<\/td>\n<\/tr>\n<\/tbody>\n<\/table>\n<\/div><\/div><\/div><\/div><\/div>\n","protected":false},"excerpt":{"rendered":"","protected":false},"author":1,"featured_media":0,"parent":0,"menu_order":0,"comment_status":"closed","ping_status":"open","template":"","meta":{"footnotes":""},"class_list":["post-3220","page","type-page","status-publish","hentry"],"yoast_head":"<!-- This site is optimized with the Yoast SEO plugin v27.4 - https:\/\/yoast.com\/product\/yoast-seo-wordpress\/ -->\n<title>Pol\u00edtica de Privacidad - Spain Made Easy<\/title>\n<meta name=\"robots\" content=\"index, follow, max-snippet:-1, max-image-preview:large, max-video-preview:-1\" \/>\n<link rel=\"canonical\" href=\"https:\/\/spainmadeeasy.net\/es\/politica-de-privacidad\/\" \/>\n<meta property=\"og:locale\" content=\"es_ES\" \/>\n<meta property=\"og:type\" content=\"article\" \/>\n<meta property=\"og:title\" content=\"Pol\u00edtica de Privacidad - Spain Made Easy\" \/>\n<meta property=\"og:url\" content=\"https:\/\/spainmadeeasy.net\/es\/politica-de-privacidad\/\" \/>\n<meta property=\"og:site_name\" content=\"Spain Made Easy\" \/>\n<meta property=\"article:modified_time\" content=\"2023-10-10T20:55:11+00:00\" \/>\n<meta name=\"twitter:card\" content=\"summary_large_image\" \/>\n<meta name=\"twitter:label1\" content=\"Tiempo de lectura\" \/>\n\t<meta name=\"twitter:data1\" content=\"4 minutos\" \/>\n<script type=\"application\/ld+json\" class=\"yoast-schema-graph\">{\"@context\":\"https:\\\/\\\/schema.org\",\"@graph\":[{\"@type\":\"WebPage\",\"@id\":\"https:\\\/\\\/spainmadeeasy.net\\\/es\\\/politica-de-privacidad\\\/\",\"url\":\"https:\\\/\\\/spainmadeeasy.net\\\/es\\\/politica-de-privacidad\\\/\",\"name\":\"Pol\u00edtica de Privacidad - Spain Made Easy\",\"isPartOf\":{\"@id\":\"https:\\\/\\\/spainmadeeasy.net\\\/es\\\/#website\"},\"datePublished\":\"2023-08-04T02:23:59+00:00\",\"dateModified\":\"2023-10-10T20:55:11+00:00\",\"breadcrumb\":{\"@id\":\"https:\\\/\\\/spainmadeeasy.net\\\/es\\\/politica-de-privacidad\\\/#breadcrumb\"},\"inLanguage\":\"es\",\"potentialAction\":[{\"@type\":\"ReadAction\",\"target\":[\"https:\\\/\\\/spainmadeeasy.net\\\/es\\\/politica-de-privacidad\\\/\"]}]},{\"@type\":\"BreadcrumbList\",\"@id\":\"https:\\\/\\\/spainmadeeasy.net\\\/es\\\/politica-de-privacidad\\\/#breadcrumb\",\"itemListElement\":[{\"@type\":\"ListItem\",\"position\":1,\"name\":\"Portada\",\"item\":\"https:\\\/\\\/spainmadeeasy.net\\\/es\\\/\"},{\"@type\":\"ListItem\",\"position\":2,\"name\":\"Pol\u00edtica de Privacidad\"}]},{\"@type\":\"WebSite\",\"@id\":\"https:\\\/\\\/spainmadeeasy.net\\\/es\\\/#website\",\"url\":\"https:\\\/\\\/spainmadeeasy.net\\\/es\\\/\",\"name\":\"Spain Made Easy\",\"description\":\"\",\"potentialAction\":[{\"@type\":\"SearchAction\",\"target\":{\"@type\":\"EntryPoint\",\"urlTemplate\":\"https:\\\/\\\/spainmadeeasy.net\\\/es\\\/?s={search_term_string}\"},\"query-input\":{\"@type\":\"PropertyValueSpecification\",\"valueRequired\":true,\"valueName\":\"search_term_string\"}}],\"inLanguage\":\"es\"}]}<\/script>\n<!-- \/ Yoast SEO plugin. -->","yoast_head_json":{"title":"Pol\u00edtica de Privacidad - Spain Made Easy","robots":{"index":"index","follow":"follow","max-snippet":"max-snippet:-1","max-image-preview":"max-image-preview:large","max-video-preview":"max-video-preview:-1"},"canonical":"https:\/\/spainmadeeasy.net\/es\/politica-de-privacidad\/","og_locale":"es_ES","og_type":"article","og_title":"Pol\u00edtica de Privacidad - Spain Made Easy","og_url":"https:\/\/spainmadeeasy.net\/es\/politica-de-privacidad\/","og_site_name":"Spain Made Easy","article_modified_time":"2023-10-10T20:55:11+00:00","twitter_card":"summary_large_image","twitter_misc":{"Tiempo de lectura":"4 minutos"},"schema":{"@context":"https:\/\/schema.org","@graph":[{"@type":"WebPage","@id":"https:\/\/spainmadeeasy.net\/es\/politica-de-privacidad\/","url":"https:\/\/spainmadeeasy.net\/es\/politica-de-privacidad\/","name":"Pol\u00edtica de Privacidad - Spain Made Easy","isPartOf":{"@id":"https:\/\/spainmadeeasy.net\/es\/#website"},"datePublished":"2023-08-04T02:23:59+00:00","dateModified":"2023-10-10T20:55:11+00:00","breadcrumb":{"@id":"https:\/\/spainmadeeasy.net\/es\/politica-de-privacidad\/#breadcrumb"},"inLanguage":"es","potentialAction":[{"@type":"ReadAction","target":["https:\/\/spainmadeeasy.net\/es\/politica-de-privacidad\/"]}]},{"@type":"BreadcrumbList","@id":"https:\/\/spainmadeeasy.net\/es\/politica-de-privacidad\/#breadcrumb","itemListElement":[{"@type":"ListItem","position":1,"name":"Portada","item":"https:\/\/spainmadeeasy.net\/es\/"},{"@type":"ListItem","position":2,"name":"Pol\u00edtica de Privacidad"}]},{"@type":"WebSite","@id":"https:\/\/spainmadeeasy.net\/es\/#website","url":"https:\/\/spainmadeeasy.net\/es\/","name":"Spain Made Easy","description":"","potentialAction":[{"@type":"SearchAction","target":{"@type":"EntryPoint","urlTemplate":"https:\/\/spainmadeeasy.net\/es\/?s={search_term_string}"},"query-input":{"@type":"PropertyValueSpecification","valueRequired":true,"valueName":"search_term_string"}}],"inLanguage":"es"}]}},"_links":{"self":[{"href":"https:\/\/spainmadeeasy.net\/es\/wp-json\/wp\/v2\/pages\/3220","targetHints":{"allow":["GET"]}}],"collection":[{"href":"https:\/\/spainmadeeasy.net\/es\/wp-json\/wp\/v2\/pages"}],"about":[{"href":"https:\/\/spainmadeeasy.net\/es\/wp-json\/wp\/v2\/types\/page"}],"author":[{"embeddable":true,"href":"https:\/\/spainmadeeasy.net\/es\/wp-json\/wp\/v2\/users\/1"}],"replies":[{"embeddable":true,"href":"https:\/\/spainmadeeasy.net\/es\/wp-json\/wp\/v2\/comments?post=3220"}],"version-history":[{"count":2,"href":"https:\/\/spainmadeeasy.net\/es\/wp-json\/wp\/v2\/pages\/3220\/revisions"}],"predecessor-version":[{"id":3441,"href":"https:\/\/spainmadeeasy.net\/es\/wp-json\/wp\/v2\/pages\/3220\/revisions\/3441"}],"wp:attachment":[{"href":"https:\/\/spainmadeeasy.net\/es\/wp-json\/wp\/v2\/media?parent=3220"}],"curies":[{"name":"wp","href":"https:\/\/api.w.org\/{rel}","templated":true}]}}